{"id":3127,"date":"2024-02-08T07:14:59","date_gmt":"2024-02-08T07:14:59","guid":{"rendered":"https:\/\/startersites.io\/elementor\/garderobe\/?page_id=3127"},"modified":"2026-01-14T17:32:49","modified_gmt":"2026-01-14T16:32:49","slug":"about-us","status":"publish","type":"page","link":"https:\/\/linen-color.com\/linen\/?page_id=3127","title":{"rendered":"About Us"},"content":{"rendered":"\t\t<div data-elementor-type=\"wp-page\" data-elementor-id=\"3127\" class=\"elementor elementor-3127\">\n\t\t\t\t<div class=\"elementor-element elementor-element-9afc2c3 e-flex e-con-boxed e-con e-parent\" data-id=\"9afc2c3\" data-element_type=\"container\" data-e-type=\"container\" data-settings=\"{&quot;background_background&quot;:&quot;classic&quot;}\">\n\t\t\t\t\t<div class=\"e-con-inner\">\n\t\t\t\t<div class=\"elementor-element elementor-element-84ec238 elementor-widget elementor-widget-shortcode\" data-id=\"84ec238\" data-element_type=\"widget\" data-e-type=\"widget\" data-widget_type=\"shortcode.default\">\n\t\t\t\t<div class=\"elementor-widget-container\">\n\t\t\t\t\t\t\t<div class=\"elementor-shortcode\"><\/div>\n\t\t\t\t\t\t<\/div>\n\t\t\t\t<\/div>\n\t\t\t\t<div class=\"elementor-element elementor-element-b2f674d elementor-widget elementor-widget-heading\" data-id=\"b2f674d\" data-element_type=\"widget\" data-e-type=\"widget\" data-widget_type=\"heading.default\">\n\t\t\t\t<div class=\"elementor-widget-container\">\n\t\t\t\t\t<h2 class=\"elementor-heading-title elementor-size-default\">\u00c0 propos de nous<\/h2>\t\t\t\t<\/div>\n\t\t\t\t<\/div>\n\t\t\t\t\t<\/div>\n\t\t\t\t<\/div>\n\t\t<div class=\"elementor-element elementor-element-055b299 e-flex e-con-boxed e-con e-parent\" data-id=\"055b299\" data-element_type=\"container\" data-e-type=\"container\">\n\t\t\t\t\t<div class=\"e-con-inner\">\n\t\t<div class=\"elementor-element elementor-element-9ef7b5f e-con-full e-flex e-con e-child\" data-id=\"9ef7b5f\" data-element_type=\"container\" data-e-type=\"container\" data-settings=\"{&quot;background_background&quot;:&quot;classic&quot;}\">\n\t\t\t\t<div class=\"elementor-element elementor-element-65ad411 elementor-widget__width-initial elementor-widget-tablet__width-inherit elementor-widget elementor-widget-image\" data-id=\"65ad411\" data-element_type=\"widget\" data-e-type=\"widget\" data-widget_type=\"image.default\">\n\t\t\t\t<div class=\"elementor-widget-container\">\n\t\t\t\t\t\t\t\t\t\t\t\t\t\t\t<img fetchpriority=\"high\" decoding=\"async\" width=\"800\" height=\"897\" src=\"https:\/\/linen-color.com\/linen\/wp-content\/uploads\/2024\/11\/Design-sans-titre-13.png\" class=\"attachment-full size-full wp-image-3462\" alt=\"\" srcset=\"https:\/\/linen-color.com\/linen\/wp-content\/uploads\/2024\/11\/Design-sans-titre-13.png 800w, https:\/\/linen-color.com\/linen\/wp-content\/uploads\/2024\/11\/Design-sans-titre-13-268x300.png 268w, https:\/\/linen-color.com\/linen\/wp-content\/uploads\/2024\/11\/Design-sans-titre-13-768x861.png 768w, https:\/\/linen-color.com\/linen\/wp-content\/uploads\/2024\/11\/Design-sans-titre-13-300x336.png 300w, https:\/\/linen-color.com\/linen\/wp-content\/uploads\/2024\/11\/Design-sans-titre-13-600x673.png 600w\" sizes=\"(max-width: 800px) 100vw, 800px\" \/>\t\t\t\t\t\t\t\t\t\t\t\t\t\t\t<\/div>\n\t\t\t\t<\/div>\n\t\t<div class=\"elementor-element elementor-element-c6d3eb8 e-con-full e-flex e-con e-child\" data-id=\"c6d3eb8\" data-element_type=\"container\" data-e-type=\"container\">\n\t\t\t\t<div class=\"elementor-element elementor-element-c8c834f elementor-widget elementor-widget-heading\" data-id=\"c8c834f\" data-element_type=\"widget\" data-e-type=\"widget\" data-widget_type=\"heading.default\">\n\t\t\t\t<div class=\"elementor-widget-container\">\n\t\t\t\t\t<h2 class=\"elementor-heading-title elementor-size-default\">Luxe \u00c9thique Durable<\/h2>\t\t\t\t<\/div>\n\t\t\t\t<\/div>\n\t\t<div class=\"elementor-element elementor-element-c7e9dde e-con-full e-flex e-con e-child\" data-id=\"c7e9dde\" data-element_type=\"container\" data-e-type=\"container\">\n\t\t\t\t<div class=\"elementor-element elementor-element-962b41a elementor-widget elementor-widget-text-editor\" data-id=\"962b41a\" data-element_type=\"widget\" data-e-type=\"widget\" data-widget_type=\"text-editor.default\">\n\t\t\t\t<div class=\"elementor-widget-container\">\n\t\t\t\t\t\t\t\t\t<p><span class=\"OYPEnA font-feature-liga-off font-feature-clig-off font-feature-calt-off text-decoration-none text-strikethrough-none\">Nous r\u00e9inventons le luxe avec des produits qui allient un confort in\u00e9gal\u00e9, un artisanat exceptionnel et une durabilit\u00e9. Nos produits, teint\u00e9s naturellement avec des teintures botaniques, sont non seulement doux pour votre peau, mais \u00e9galement b\u00e9n\u00e9fiques pour votre sant\u00e9. En s\u00e9lectionnant nos cr\u00e9ations, vous investissez dans un mode de vie qui respecte l&rsquo;environnement tout en soutenant notre \u00e9quipe de femmes talentueuses et les artisanes des zones rurales. Chaque pi\u00e8ce raconte une histoire d&rsquo;\u00e9thique et de savoir-faire, apportant. beaut\u00e9 et s\u00e9r\u00e9nit\u00e9 \u00e0 votre int\u00e9rieur.<\/span><\/p>\t\t\t\t\t\t\t\t<\/div>\n\t\t\t\t<\/div>\n\t\t\t\t<\/div>\n\t\t\t\t<\/div>\n\t\t\t\t<\/div>\n\t\t\t\t\t<\/div>\n\t\t\t\t<\/div>\n\t\t<div class=\"elementor-element elementor-element-efa9942 e-flex e-con-boxed e-con e-parent\" data-id=\"efa9942\" data-element_type=\"container\" data-e-type=\"container\">\n\t\t\t\t\t<div class=\"e-con-inner\">\n\t\t\t\t<div class=\"elementor-element elementor-element-d017464 elementor-widget elementor-widget-text-editor\" data-id=\"d017464\" data-element_type=\"widget\" data-e-type=\"widget\" data-widget_type=\"text-editor.default\">\n\t\t\t\t<div class=\"elementor-widget-container\">\n\t\t\t\t\t\t\t\t\t<p>\u00c0 votre service<\/p>\t\t\t\t\t\t\t\t<\/div>\n\t\t\t\t<\/div>\n\t\t\t\t<div class=\"elementor-element elementor-element-aa82d51 elementor-widget elementor-widget-heading\" data-id=\"aa82d51\" data-element_type=\"widget\" data-e-type=\"widget\" data-widget_type=\"heading.default\">\n\t\t\t\t<div class=\"elementor-widget-container\">\n\t\t\t\t\t<h2 class=\"elementor-heading-title elementor-size-default\">Notre \u00e9quipe<\/h2>\t\t\t\t<\/div>\n\t\t\t\t<\/div>\n\t\t\t\t\t<\/div>\n\t\t\t\t<\/div>\n\t\t<div class=\"elementor-element elementor-element-30fab15 e-grid e-con-boxed e-con e-parent\" data-id=\"30fab15\" data-element_type=\"container\" data-e-type=\"container\">\n\t\t\t\t\t<div class=\"e-con-inner\">\n\t\t<div class=\"elementor-element elementor-element-e028380 e-con-full e-flex e-con e-child\" data-id=\"e028380\" data-element_type=\"container\" data-e-type=\"container\">\n\t\t\t\t<div class=\"elementor-element elementor-element-8404eae elementor-widget-tablet__width-inherit elementor-widget elementor-widget-image\" data-id=\"8404eae\" data-element_type=\"widget\" data-e-type=\"widget\" data-widget_type=\"image.default\">\n\t\t\t\t<div class=\"elementor-widget-container\">\n\t\t\t\t\t\t\t\t\t\t\t\t\t\t\t<img decoding=\"async\" width=\"2000\" height=\"1533\" src=\"https:\/\/linen-color.com\/linen\/wp-content\/uploads\/2024\/11\/Logo-LINEN-COLOR-2-.jpg\" class=\"attachment-full size-full wp-image-3581\" alt=\"LINEN COLOR\" srcset=\"https:\/\/linen-color.com\/linen\/wp-content\/uploads\/2024\/11\/Logo-LINEN-COLOR-2-.jpg 2000w, https:\/\/linen-color.com\/linen\/wp-content\/uploads\/2024\/11\/Logo-LINEN-COLOR-2--300x230.jpg 300w, https:\/\/linen-color.com\/linen\/wp-content\/uploads\/2024\/11\/Logo-LINEN-COLOR-2--1024x785.jpg 1024w, https:\/\/linen-color.com\/linen\/wp-content\/uploads\/2024\/11\/Logo-LINEN-COLOR-2--768x589.jpg 768w, https:\/\/linen-color.com\/linen\/wp-content\/uploads\/2024\/11\/Logo-LINEN-COLOR-2--1536x1177.jpg 1536w, https:\/\/linen-color.com\/linen\/wp-content\/uploads\/2024\/11\/Logo-LINEN-COLOR-2--600x460.jpg 600w\" sizes=\"(max-width: 2000px) 100vw, 2000px\" \/>\t\t\t\t\t\t\t\t\t\t\t\t\t\t\t<\/div>\n\t\t\t\t<\/div>\n\t\t\t\t<\/div>\n\t\t<div class=\"elementor-element elementor-element-d4fcd61 e-con-full e-flex e-con e-child\" data-id=\"d4fcd61\" data-element_type=\"container\" data-e-type=\"container\">\n\t\t\t\t<div class=\"elementor-element elementor-element-390971b elementor-widget-tablet__width-inherit elementor-widget elementor-widget-image\" data-id=\"390971b\" data-element_type=\"widget\" data-e-type=\"widget\" data-widget_type=\"image.default\">\n\t\t\t\t<div class=\"elementor-widget-container\">\n\t\t\t\t\t\t\t\t\t\t\t\t\t\t\t<img decoding=\"async\" width=\"1080\" height=\"1080\" src=\"https:\/\/linen-color.com\/linen\/wp-content\/uploads\/2024\/11\/Lamia-Hamrouni-Fondatrice-LAMI-MODE-Tunisie.png\" class=\"attachment-full size-full wp-image-3585\" alt=\"Lamia Hamrouni Fondatrice LAMI MODE Tunisie\" srcset=\"https:\/\/linen-color.com\/linen\/wp-content\/uploads\/2024\/11\/Lamia-Hamrouni-Fondatrice-LAMI-MODE-Tunisie.png 1080w, https:\/\/linen-color.com\/linen\/wp-content\/uploads\/2024\/11\/Lamia-Hamrouni-Fondatrice-LAMI-MODE-Tunisie-300x300.png 300w, https:\/\/linen-color.com\/linen\/wp-content\/uploads\/2024\/11\/Lamia-Hamrouni-Fondatrice-LAMI-MODE-Tunisie-1024x1024.png 1024w, https:\/\/linen-color.com\/linen\/wp-content\/uploads\/2024\/11\/Lamia-Hamrouni-Fondatrice-LAMI-MODE-Tunisie-150x150.png 150w, https:\/\/linen-color.com\/linen\/wp-content\/uploads\/2024\/11\/Lamia-Hamrouni-Fondatrice-LAMI-MODE-Tunisie-768x768.png 768w, https:\/\/linen-color.com\/linen\/wp-content\/uploads\/2024\/11\/Lamia-Hamrouni-Fondatrice-LAMI-MODE-Tunisie-600x600.png 600w, https:\/\/linen-color.com\/linen\/wp-content\/uploads\/2024\/11\/Lamia-Hamrouni-Fondatrice-LAMI-MODE-Tunisie-100x100.png 100w\" sizes=\"(max-width: 1080px) 100vw, 1080px\" \/>\t\t\t\t\t\t\t\t\t\t\t\t\t\t\t<\/div>\n\t\t\t\t<\/div>\n\t\t\t\t<div class=\"elementor-element elementor-element-38b31a9 elementor-widget elementor-widget-heading\" data-id=\"38b31a9\" data-element_type=\"widget\" data-e-type=\"widget\" data-widget_type=\"heading.default\">\n\t\t\t\t<div class=\"elementor-widget-container\">\n\t\t\t\t\t<h4 class=\"elementor-heading-title elementor-size-default\">Lamia Hamrouni<\/h4>\t\t\t\t<\/div>\n\t\t\t\t<\/div>\n\t\t\t\t<div class=\"elementor-element elementor-element-9863724 elementor-widget elementor-widget-text-editor\" data-id=\"9863724\" data-element_type=\"widget\" data-e-type=\"widget\" data-widget_type=\"text-editor.default\">\n\t\t\t\t<div class=\"elementor-widget-container\">\n\t\t\t\t\t\t\t\t\t<p>Fondatrice<\/p>\t\t\t\t\t\t\t\t<\/div>\n\t\t\t\t<\/div>\n\t\t\t\t<\/div>\n\t\t<div class=\"elementor-element elementor-element-a95c353 e-con-full e-flex e-con e-child\" data-id=\"a95c353\" data-element_type=\"container\" data-e-type=\"container\">\n\t\t\t\t<div class=\"elementor-element elementor-element-374d77a elementor-widget-tablet__width-inherit elementor-widget elementor-widget-image\" data-id=\"374d77a\" data-element_type=\"widget\" data-e-type=\"widget\" data-widget_type=\"image.default\">\n\t\t\t\t<div class=\"elementor-widget-container\">\n\t\t\t\t\t\t\t\t\t\t\t\t\t\t\t<img loading=\"lazy\" decoding=\"async\" width=\"1080\" height=\"1080\" src=\"https:\/\/linen-color.com\/linen\/wp-content\/uploads\/2024\/11\/Asma-Hamrouni-Co-fondatrice-LAMI-MODE.png\" class=\"attachment-full size-full wp-image-3586\" alt=\"Asma Hamrouni Co-fondatrice LAMI MODE\" srcset=\"https:\/\/linen-color.com\/linen\/wp-content\/uploads\/2024\/11\/Asma-Hamrouni-Co-fondatrice-LAMI-MODE.png 1080w, https:\/\/linen-color.com\/linen\/wp-content\/uploads\/2024\/11\/Asma-Hamrouni-Co-fondatrice-LAMI-MODE-300x300.png 300w, https:\/\/linen-color.com\/linen\/wp-content\/uploads\/2024\/11\/Asma-Hamrouni-Co-fondatrice-LAMI-MODE-1024x1024.png 1024w, https:\/\/linen-color.com\/linen\/wp-content\/uploads\/2024\/11\/Asma-Hamrouni-Co-fondatrice-LAMI-MODE-150x150.png 150w, https:\/\/linen-color.com\/linen\/wp-content\/uploads\/2024\/11\/Asma-Hamrouni-Co-fondatrice-LAMI-MODE-768x768.png 768w, https:\/\/linen-color.com\/linen\/wp-content\/uploads\/2024\/11\/Asma-Hamrouni-Co-fondatrice-LAMI-MODE-600x600.png 600w, https:\/\/linen-color.com\/linen\/wp-content\/uploads\/2024\/11\/Asma-Hamrouni-Co-fondatrice-LAMI-MODE-100x100.png 100w\" sizes=\"(max-width: 1080px) 100vw, 1080px\" \/>\t\t\t\t\t\t\t\t\t\t\t\t\t\t\t<\/div>\n\t\t\t\t<\/div>\n\t\t\t\t<div class=\"elementor-element elementor-element-2d8f8ff elementor-widget elementor-widget-heading\" data-id=\"2d8f8ff\" data-element_type=\"widget\" data-e-type=\"widget\" data-widget_type=\"heading.default\">\n\t\t\t\t<div class=\"elementor-widget-container\">\n\t\t\t\t\t<h4 class=\"elementor-heading-title elementor-size-default\">Asma Hamrouni<\/h4>\t\t\t\t<\/div>\n\t\t\t\t<\/div>\n\t\t\t\t<div class=\"elementor-element elementor-element-e44e727 elementor-widget elementor-widget-text-editor\" data-id=\"e44e727\" data-element_type=\"widget\" data-e-type=\"widget\" data-widget_type=\"text-editor.default\">\n\t\t\t\t<div class=\"elementor-widget-container\">\n\t\t\t\t\t\t\t\t\t<p>Co-fondatrice<\/p>\t\t\t\t\t\t\t\t<\/div>\n\t\t\t\t<\/div>\n\t\t\t\t<\/div>\n\t\t<div class=\"elementor-element elementor-element-b5cfca7 e-con-full e-flex e-con e-child\" data-id=\"b5cfca7\" data-element_type=\"container\" data-e-type=\"container\">\n\t\t\t\t<div class=\"elementor-element elementor-element-be66939 elementor-widget-tablet__width-inherit elementor-widget elementor-widget-image\" data-id=\"be66939\" data-element_type=\"widget\" data-e-type=\"widget\" data-widget_type=\"image.default\">\n\t\t\t\t<div class=\"elementor-widget-container\">\n\t\t\t\t\t\t\t\t\t\t\t\t\t\t\t<img decoding=\"async\" width=\"2000\" height=\"1533\" src=\"https:\/\/linen-color.com\/linen\/wp-content\/uploads\/2024\/11\/Logo-LINEN-COLOR-2-.jpg\" class=\"attachment-full size-full wp-image-3581\" alt=\"LINEN COLOR\" srcset=\"https:\/\/linen-color.com\/linen\/wp-content\/uploads\/2024\/11\/Logo-LINEN-COLOR-2-.jpg 2000w, https:\/\/linen-color.com\/linen\/wp-content\/uploads\/2024\/11\/Logo-LINEN-COLOR-2--300x230.jpg 300w, https:\/\/linen-color.com\/linen\/wp-content\/uploads\/2024\/11\/Logo-LINEN-COLOR-2--1024x785.jpg 1024w, https:\/\/linen-color.com\/linen\/wp-content\/uploads\/2024\/11\/Logo-LINEN-COLOR-2--768x589.jpg 768w, https:\/\/linen-color.com\/linen\/wp-content\/uploads\/2024\/11\/Logo-LINEN-COLOR-2--1536x1177.jpg 1536w, https:\/\/linen-color.com\/linen\/wp-content\/uploads\/2024\/11\/Logo-LINEN-COLOR-2--600x460.jpg 600w\" sizes=\"(max-width: 2000px) 100vw, 2000px\" \/>\t\t\t\t\t\t\t\t\t\t\t\t\t\t\t<\/div>\n\t\t\t\t<\/div>\n\t\t\t\t<\/div>\n\t\t\t\t\t<\/div>\n\t\t\t\t<\/div>\n\t\t<div class=\"elementor-element elementor-element-fb8608b e-flex e-con-boxed e-con e-parent\" data-id=\"fb8608b\" data-element_type=\"container\" data-e-type=\"container\">\n\t\t\t\t\t<div class=\"e-con-inner\">\n\t\t\t\t<div class=\"elementor-element elementor-element-c24d2ba elementor-widget-tablet__width-inherit elementor-widget elementor-widget-image\" data-id=\"c24d2ba\" data-element_type=\"widget\" data-e-type=\"widget\" data-widget_type=\"image.default\">\n\t\t\t\t<div class=\"elementor-widget-container\">\n\t\t\t\t\t\t\t\t\t\t\t\t\t\t\t<img loading=\"lazy\" decoding=\"async\" width=\"1000\" height=\"563\" src=\"https:\/\/linen-color.com\/linen\/wp-content\/uploads\/2024\/11\/istock_70460985_large.jpg\" class=\"attachment-full size-full wp-image-3589\" alt=\"\" srcset=\"https:\/\/linen-color.com\/linen\/wp-content\/uploads\/2024\/11\/istock_70460985_large.jpg 1000w, https:\/\/linen-color.com\/linen\/wp-content\/uploads\/2024\/11\/istock_70460985_large-300x169.jpg 300w, https:\/\/linen-color.com\/linen\/wp-content\/uploads\/2024\/11\/istock_70460985_large-768x432.jpg 768w, https:\/\/linen-color.com\/linen\/wp-content\/uploads\/2024\/11\/istock_70460985_large-600x338.jpg 600w\" sizes=\"(max-width: 1000px) 100vw, 1000px\" \/>\t\t\t\t\t\t\t\t\t\t\t\t\t\t\t<\/div>\n\t\t\t\t<\/div>\n\t\t<div class=\"elementor-element elementor-element-91bd693 e-con-full e-flex e-con e-child\" data-id=\"91bd693\" data-element_type=\"container\" data-e-type=\"container\" data-settings=\"{&quot;background_background&quot;:&quot;classic&quot;}\">\n\t\t\t\t<div class=\"elementor-element elementor-element-dd2e950 elementor-widget elementor-widget-heading\" data-id=\"dd2e950\" data-element_type=\"widget\" data-e-type=\"widget\" data-widget_type=\"heading.default\">\n\t\t\t\t<div class=\"elementor-widget-container\">\n\t\t\t\t\t<h2 class=\"elementor-heading-title elementor-size-default\">T\u00e9moignages<\/h2>\t\t\t\t<\/div>\n\t\t\t\t<\/div>\n\t\t\t\t<div class=\"elementor-element elementor-element-edcbaae elementor-widget elementor-widget-text-editor\" data-id=\"edcbaae\" data-element_type=\"widget\" data-e-type=\"widget\" data-widget_type=\"text-editor.default\">\n\t\t\t\t<div class=\"elementor-widget-container\">\n\t\t\t\t\t\t\t\t\t<p>Le sortie de bain de mon b\u00e9b\u00e9 de Linen Color est d&rsquo;une douceur incroyable ! Il est parfait pour sa peau d\u00e9licate et absorbe parfaitement l&rsquo;humidit\u00e9. La teinture naturelle utilis\u00e9e est id\u00e9ale pour sa peau fragile, sans produits chimiques, et je suis ravie de voir que la marque privil\u00e9gie des mat\u00e9riaux respectueux de l&rsquo;environnement. Une excellente d\u00e9couverte !<\/p>\t\t\t\t\t\t\t\t<\/div>\n\t\t\t\t<\/div>\n\t\t\t\t<div class=\"elementor-element elementor-element-8e04a35 elementor-widget-mobile__width-inherit elementor-position-top elementor-widget elementor-widget-image-box\" data-id=\"8e04a35\" data-element_type=\"widget\" data-e-type=\"widget\" data-widget_type=\"image-box.default\">\n\t\t\t\t<div class=\"elementor-widget-container\">\n\t\t\t\t\t<div class=\"elementor-image-box-wrapper\"><figure class=\"elementor-image-box-img\"><img loading=\"lazy\" decoding=\"async\" width=\"1000\" height=\"563\" src=\"https:\/\/linen-color.com\/linen\/wp-content\/uploads\/2024\/11\/istock_70460985_large.jpg\" class=\"attachment-full size-full wp-image-3589\" alt=\"\" srcset=\"https:\/\/linen-color.com\/linen\/wp-content\/uploads\/2024\/11\/istock_70460985_large.jpg 1000w, https:\/\/linen-color.com\/linen\/wp-content\/uploads\/2024\/11\/istock_70460985_large-300x169.jpg 300w, https:\/\/linen-color.com\/linen\/wp-content\/uploads\/2024\/11\/istock_70460985_large-768x432.jpg 768w, https:\/\/linen-color.com\/linen\/wp-content\/uploads\/2024\/11\/istock_70460985_large-600x338.jpg 600w\" sizes=\"(max-width: 1000px) 100vw, 1000px\" \/><\/figure><div class=\"elementor-image-box-content\"><p class=\"elementor-image-box-title\">Maya Sassi<\/p><\/div><\/div>\t\t\t\t<\/div>\n\t\t\t\t<\/div>\n\t\t\t\t<\/div>\n\t\t\t\t\t<\/div>\n\t\t\t\t<\/div>\n\t\t<div class=\"elementor-element elementor-element-ee9d0db e-flex e-con-boxed e-con e-parent\" data-id=\"ee9d0db\" data-element_type=\"container\" data-e-type=\"container\">\n\t\t\t\t\t<div class=\"e-con-inner\">\n\t\t<div class=\"elementor-element elementor-element-94b6618 e-flex e-con-boxed e-con e-child\" data-id=\"94b6618\" data-element_type=\"container\" data-e-type=\"container\" data-settings=\"{&quot;background_background&quot;:&quot;classic&quot;}\">\n\t\t\t\t\t<div class=\"e-con-inner\">\n\t\t\t\t<div class=\"elementor-element elementor-element-8578667 elementor-widget elementor-widget-heading\" data-id=\"8578667\" data-element_type=\"widget\" data-e-type=\"widget\" data-widget_type=\"heading.default\">\n\t\t\t\t<div class=\"elementor-widget-container\">\n\t\t\t\t\t<h2 class=\"elementor-heading-title elementor-size-default\">Newsletter Updates<\/h2>\t\t\t\t<\/div>\n\t\t\t\t<\/div>\n\t\t\t\t<div class=\"elementor-element elementor-element-328ad42 elementor-widget elementor-widget-text-editor\" data-id=\"328ad42\" data-element_type=\"widget\" data-e-type=\"widget\" data-widget_type=\"text-editor.default\">\n\t\t\t\t<div class=\"elementor-widget-container\">\n\t\t\t\t\t\t\t\t\t<p>S&rsquo;inscrire pour recevoir des courriels sur les nouveaux produits et les offres sp\u00e9ciales<\/p>\t\t\t\t\t\t\t\t<\/div>\n\t\t\t\t<\/div>\n\t\t\t\t<div class=\"elementor-element elementor-element-656571b elementor-widget elementor-widget-wpforms\" data-id=\"656571b\" data-element_type=\"widget\" data-e-type=\"widget\" data-widget_type=\"wpforms.default\">\n\t\t\t\t<div class=\"elementor-widget-container\">\n\t\t\t\t\t<div class=\"wpforms-container inline-fields wpforms-subscribe-form wpforms-render-modern\" id=\"wpforms-157\"><form id=\"wpforms-form-157\" class=\"wpforms-validate wpforms-form\" data-formid=\"157\" method=\"post\" enctype=\"multipart\/form-data\" action=\"\/linen\/index.php?rest_route=%2Fwp%2Fv2%2Fpages%2F3127\" data-token=\"96c9ece5e2a76ea76c81579ecbd29e78\" data-token-time=\"1775347286\"><noscript class=\"wpforms-error-noscript\">Veuillez activer JavaScript dans votre navigateur pour remplir ce formulaire.<\/noscript><div id=\"wpforms-error-noscript\" style=\"display: none;\">Veuillez activer JavaScript dans votre navigateur pour remplir ce formulaire.<\/div><div class=\"wpforms-field-container\"><div id=\"wpforms-157-field_1-container\" class=\"wpforms-field wpforms-field-email\" data-field-id=\"1\"><label class=\"wpforms-field-label wpforms-label-hide\" for=\"wpforms-157-field_1\" aria-hidden=\"false\">Email <span class=\"wpforms-required-label\" aria-hidden=\"true\">*<\/span><\/label><input type=\"email\" id=\"wpforms-157-field_1\" class=\"wpforms-field-medium wpforms-field-required\" name=\"wpforms[fields][1]\" placeholder=\"Email address\" spellcheck=\"false\" aria-errormessage=\"wpforms-157-field_1-error\" required><\/div><\/div><!-- .wpforms-field-container --><div class=\"wpforms-submit-container\" ><input type=\"hidden\" name=\"wpforms[id]\" value=\"157\"><input type=\"hidden\" name=\"page_title\" value=\"\"><input type=\"hidden\" name=\"page_url\" value=\"https:\/\/linen-color.com\/linen\/index.php?rest_route=\/wp\/v2\/pages\/3127\"><input type=\"hidden\" name=\"url_referer\" value=\"\"><button type=\"submit\" name=\"wpforms[submit]\" id=\"wpforms-submit-157\" class=\"wpforms-submit\" data-alt-text=\"Sending...\" data-submit-text=\"Subscribe\" aria-live=\"assertive\" value=\"wpforms-submit\">Subscribe<\/button><\/div><\/form><\/div>  <!-- .wpforms-container -->\t\t\t\t<\/div>\n\t\t\t\t<\/div>\n\t\t\t\t\t<\/div>\n\t\t\t\t<\/div>\n\t\t\t\t\t<\/div>\n\t\t\t\t<\/div>\n\t\t\t\t<\/div>\n\t\t","protected":false},"excerpt":{"rendered":"<p>\u00c0 propos de nous Luxe \u00c9thique Durable Nous r\u00e9inventons le luxe avec des produits qui allient un confort in\u00e9gal\u00e9, un artisanat exceptionnel et une durabilit\u00e9. Nos produits, teint\u00e9s naturellement avec des teintures botaniques, sont non seulement doux pour votre peau, mais \u00e9galement b\u00e9n\u00e9fiques pour votre sant\u00e9. En s\u00e9lectionnant nos cr\u00e9ations, vous investissez dans un mode [&hellip;]<\/p>\n","protected":false},"author":1,"featured_media":0,"parent":0,"menu_order":0,"comment_status":"closed","ping_status":"closed","template":"","meta":{"footnotes":""},"class_list":["post-3127","page","type-page","status-publish","hentry"],"blocksy_meta":{"has_hero_section":"disabled","vertical_spacing_source":"custom","content_area_spacing":"none","styles_descriptor":{"styles":{"desktop":"","tablet":"","mobile":""},"google_fonts":[],"version":6}},"_links":{"self":[{"href":"https:\/\/linen-color.com\/linen\/index.php?rest_route=\/wp\/v2\/pages\/3127","targetHints":{"allow":["GET"]}}],"collection":[{"href":"https:\/\/linen-color.com\/linen\/index.php?rest_route=\/wp\/v2\/pages"}],"about":[{"href":"https:\/\/linen-color.com\/linen\/index.php?rest_route=\/wp\/v2\/types\/page"}],"author":[{"embeddable":true,"href":"https:\/\/linen-color.com\/linen\/index.php?rest_route=\/wp\/v2\/users\/1"}],"replies":[{"embeddable":true,"href":"https:\/\/linen-color.com\/linen\/index.php?rest_route=%2Fwp%2Fv2%2Fcomments&post=3127"}],"version-history":[{"count":13,"href":"https:\/\/linen-color.com\/linen\/index.php?rest_route=\/wp\/v2\/pages\/3127\/revisions"}],"predecessor-version":[{"id":4006,"href":"https:\/\/linen-color.com\/linen\/index.php?rest_route=\/wp\/v2\/pages\/3127\/revisions\/4006"}],"wp:attachment":[{"href":"https:\/\/linen-color.com\/linen\/index.php?rest_route=%2Fwp%2Fv2%2Fmedia&parent=3127"}],"curies":[{"name":"wp","href":"https:\/\/api.w.org\/{rel}","templated":true}]}}