{"id":100,"date":"2021-12-15T14:29:45","date_gmt":"2021-12-15T14:29:45","guid":{"rendered":"https:\/\/startersites.io\/blocksy\/garderobe\/?post_type=product&#038;p=100"},"modified":"2025-01-24T09:49:04","modified_gmt":"2025-01-24T08:49:04","slug":"quartz-watch","status":"publish","type":"product","link":"https:\/\/linen-color.com\/linen\/?product=quartz-watch","title":{"rendered":"Sortie de bain"},"content":{"rendered":"<p>Cape de bain + gant de toilette pour b\u00e9b\u00e9 teints naturellement avec des extraits naturels de plantes selon des techniques artisanales tunisiennes<br \/>\nLa cape de bain + gant de toilette pour b\u00e9b\u00e9 de Linen Color sont douces et ne contienne aucune substance chimique nocive ce qui les rend adapt\u00e9s \u00e0 la peau d\u00e9licate et sensible de votre b\u00e9b\u00e9<br \/>\nLes couleurs douces de la cape de bain + gant de toilette pour b\u00e9b\u00e9 de Linen Color sont obtenues gr\u00e2ce \u00e0 un processus de teinture 100% naturel en utilisant des colorants d&rsquo;origine v\u00e9g\u00e9tale soigneusement choisis pour cr\u00e9er une palette apaisante et s\u00fbre pour le confort et le bien \u00eatre de votre b\u00e9b\u00e9<\/p>\n<p><strong>Fonctionnalit\u00e9 :<\/strong> Cape de bain pratique. Sa taille permet d&rsquo;envelopper imm\u00e9diatement le b\u00e9b\u00e9 apr\u00e8s le bain. Le tissu en 100% coton gaufr\u00e9 &#8211; nid d&rsquo;abeille absorbant \u00e9vacue rapidement l&rsquo;humidit\u00e9, ce qui permet de garder le b\u00e9b\u00e9 au chaud et au sec. La capuche ajoute une couche suppl\u00e9mentaire de confort et aide \u00e0 garder la t\u00eate de l&rsquo;enfant au chaud<br \/>\nGant de toilette doux et efficace pour nettoyer d\u00e9licatement la peau de votre b\u00e9b\u00e9 en particulier dans les zones sensibles du visage, du cou et du corps<br \/>\n<strong>Respectueux de l&rsquo;environnement :<\/strong> Le choix de teintures naturelles refl\u00e8te un engagement \u00e0 fournir un produit s\u00fbr et respectueux de l&rsquo;environnement. Cela minimise l&rsquo;exposition de la peau sensible du b\u00e9b\u00e9 aux substances pr\u00e9sentes nocives et soutient les pratiques durables de l&rsquo;industrie textile<br \/>\n<strong>Entretien et durabilit\u00e9 :<\/strong> La cape de bain pour b\u00e9b\u00e9 teint\u00e9e naturellement est facile \u00e0 entretenir. Un lavage doux et un s\u00e9chage \u00e0 l&rsquo;air libre permettent de pr\u00e9server les couleurs et l&rsquo;int\u00e9grit\u00e9 du tissu, garantissant ainsi un confort durable pour le b\u00e9b\u00e9.<br \/>\n<strong>S\u00e9chage :<\/strong> Cette cape de bain pour b\u00e9b\u00e9 en tissus gaufr\u00e9s 100% coton sec jusqu&rsquo;\u00e0 40 % plus rapidement que les serviettes en \u00e9ponge qui permet d&rsquo;\u00e9conomiser du temps et de l&rsquo;\u00e9nergie<\/p>\n<p><strong>Emballage cadeau possible :<\/strong> emball\u00e9e dans une bo\u00eete cadeau \u00e9cologique<br \/>\n<strong>Livraison :<\/strong> livraison gratuite sur toute la Tunisie<\/p>\n<p><strong>D\u00c9TAILS : <\/strong><br \/>\n<strong>Fait-main <\/strong><br \/>\n<strong>Produit :<\/strong> Cape de bain pour b\u00e9b\u00e9 + Gant de toilette<br \/>\n<strong>Plage d&rsquo;\u00e2ge :<\/strong> B\u00e9b\u00e9 de 0 \u00e0 12 mois<br \/>\n<strong>Couleur :<\/strong> Rose b\u00e9b\u00e9<br \/>\n<strong>Mat\u00e9riau :<\/strong> 100% coton<br \/>\n<strong>Motif :<\/strong> gaufr\u00e9<br \/>\n<strong>Fonctionnalit\u00e9 sp\u00e9cifique :<\/strong> Couleur naturelle &#8211; teinture naturelle &#8211; colorants d &lsquo; origine v\u00e9g\u00e9tale (garance, \u00e9corces de grenade, henn\u00e9\u2026)<br \/>\n<strong>Instruction d&rsquo;entretien :<\/strong> Laver s\u00e9par\u00e9ment d\u00e9licatement \u00e0 la machine \u00e0 30\u00b0 programme d\u00e9licat ou \u00e0 la main \u00e0 l&rsquo;eau froide avec lessive douce pour les b\u00e9b\u00e9s. S\u00e9chage \u00e0 l&rsquo;air libre pas au soleil &#8211; S\u00e8che-linge interdit<\/p>\n<p>&nbsp;<\/p>\n<p>Con\u00e7u, teinter et fabriquer \u00e0 Ksar Hellal \u2013 Tunisie<\/p>\n","protected":false},"excerpt":{"rendered":"<p>Sortie de bain + gant de toilette pour b\u00e9b\u00e9 teints naturellement avec des extraits naturels de plantes selon des techniques artisanales tunisiennes<br \/>\nLa cape de bain + gant de toilette pour b\u00e9b\u00e9 de Linen Color sont douces et ne contienne aucune substance chimique nocive ce qui les rend adapt\u00e9s \u00e0 la peau d\u00e9licate et sensible de votre b\u00e9b\u00e9<br \/>\nLes couleurs douces de la cape de bain + gant de toilette pour b\u00e9b\u00e9 de Linen Color sont obtenues gr\u00e2ce \u00e0 un processus de teinture 100% naturel en utilisant des colorants d&rsquo;origine v\u00e9g\u00e9tale soigneusement choisis pour cr\u00e9er une palette apaisante et s\u00fbre pour le confort et le bien \u00eatre de votre b\u00e9b\u00e9<\/p>\n","protected":false},"featured_media":3479,"comment_status":"open","ping_status":"closed","template":"","meta":[],"product_brand":[],"product_cat":[26,20],"product_tag":[],"class_list":{"0":"post-100","1":"product","2":"type-product","3":"status-publish","4":"has-post-thumbnail","6":"product_cat-bebe","7":"product_cat-linge-de-bain","9":"first","10":"instock","11":"shipping-taxable","12":"purchasable","13":"product-type-simple"},"_links":{"self":[{"href":"https:\/\/linen-color.com\/linen\/index.php?rest_route=\/wp\/v2\/product\/100","targetHints":{"allow":["GET"]}}],"collection":[{"href":"https:\/\/linen-color.com\/linen\/index.php?rest_route=\/wp\/v2\/product"}],"about":[{"href":"https:\/\/linen-color.com\/linen\/index.php?rest_route=\/wp\/v2\/types\/product"}],"replies":[{"embeddable":true,"href":"https:\/\/linen-color.com\/linen\/index.php?rest_route=%2Fwp%2Fv2%2Fcomments&post=100"}],"wp:featuredmedia":[{"embeddable":true,"href":"https:\/\/linen-color.com\/linen\/index.php?rest_route=\/wp\/v2\/media\/3479"}],"wp:attachment":[{"href":"https:\/\/linen-color.com\/linen\/index.php?rest_route=%2Fwp%2Fv2%2Fmedia&parent=100"}],"wp:term":[{"taxonomy":"product_brand","embeddable":true,"href":"https:\/\/linen-color.com\/linen\/index.php?rest_route=%2Fwp%2Fv2%2Fproduct_brand&post=100"},{"taxonomy":"product_cat","embeddable":true,"href":"https:\/\/linen-color.com\/linen\/index.php?rest_route=%2Fwp%2Fv2%2Fproduct_cat&post=100"},{"taxonomy":"product_tag","embeddable":true,"href":"https:\/\/linen-color.com\/linen\/index.php?rest_route=%2Fwp%2Fv2%2Fproduct_tag&post=100"}],"curies":[{"name":"wp","href":"https:\/\/api.w.org\/{rel}","templated":true}]}}